{"id":857,"date":"2026-02-10T06:43:13","date_gmt":"2026-02-10T06:43:13","guid":{"rendered":"https:\/\/st-georg-wien.at\/?page_id=857"},"modified":"2026-02-10T06:43:13","modified_gmt":"2026-02-10T06:43:13","slug":"dressurcup","status":"publish","type":"page","link":"https:\/\/st-georg-wien.at\/index.php\/dressurcup\/","title":{"rendered":"Dressurcup"},"content":{"rendered":"\n<div style=\"height:20px\" aria-hidden=\"true\" class=\"wp-block-spacer\"><\/div>\n\n\n\n<p>F\u00fcr unsere Stammmitglieder tragen wir 2026 den Dressurcup der Wiener Reitervereinigung St. Georg mit neuen Modalit\u00e4ten aus.<\/p>\n\n\n\n<p>Der Cup wird in den Klassen A, L, L\/M und M ausgetragen. Aufgaben der Klasse LP werden der Klasse M hinzugerechnet. F\u00fcr die Wertung werden ausschlie\u00dflich Dressurpr\u00fcfungen herangezogen. Nicht gewertet werden Dressurreiterpr\u00fcfungen, Dressurpferdepr\u00fcfungen und K\u00fcrbewerbe.<\/p>\n\n\n\n<p>Im Rahmen des Dressurcups ist jede Teilnehmer*in nur in einer Klasse und nur mit einem Pferd startberechtigt.<\/p>\n\n\n\n<p>Gewertet werden alle Turniere der Kategorien CDN-A*, CDN-A, CDN-B*, CDN-B und CDN-C, die zwischen 1. M\u00e4rz und 31. Oktober des jeweiligen Kalenderjahres stattfinden. Turniere der Kategorie CDN-C-NEU sind aus der Wertung ausgeschlossen.<\/p>\n\n\n\n<p>Die Wertung erfolgt je Turnier ungeachtet der Reitlizenzstufe gem\u00e4\u00df \u00a7 1202 Abs 3 \u00d6TO, wobei nur Platzierungen im ersten Drittel des Starterfeldes herangezogen werden.<\/p>\n\n\n\n<p>F\u00fcr die Gesamtwertung werden je Teilnehmer*in die Ergebnisse von maximal vier Turnieren addiert. Dabei z\u00e4hlen die Turniere mit den besten Ergebnissen.<\/p>\n\n\n\n<p>Der Cup ist je Klasse wie folgt dotiert:<\/p>\n\n\n\n<div class=\"wp-block-group is-nowrap is-layout-flex wp-container-core-group-is-layout-6c531013 wp-block-group-is-layout-flex\">\n<figure class=\"wp-block-table is-style-regular has-large-font-size\" style=\"padding-top:0;padding-bottom:0\"><table style=\"border-style:none;border-width:0px\"><tbody><tr><td>1. Platz<\/td><td class=\"has-text-align-left\" data-align=\"left\">EUR 200,&#8211;<\/td><\/tr><tr><td>2. Platz<\/td><td class=\"has-text-align-left\" data-align=\"left\">EUR 150,&#8211;<\/td><\/tr><tr><td>3. Platz<\/td><td class=\"has-text-align-left\" data-align=\"left\">EUR 100,&#8211;<\/td><\/tr><\/tbody><\/table><\/figure>\n<\/div>\n\n\n\n<p>Die Siegerehrung findet im Rahmen unserer Generalversammlung im November oder Dezember statt. Die Preise werden nur pers\u00f6nlich \u00fcberreicht.<\/p>\n\n\n\n<p>F\u00fcr die Teilnahme am Cup ist kein gesondertes Nenn- oder Startgeld zu entrichten. Der Einstieg in den Cup ist jederzeit m\u00f6glich.<\/p>\n\n\n\n<p>Die Meldung, in welcher Klasse und mit welchem Pferd am Cup teilgenommen wird, muss vor dem ersten Start bei Karin Oberhuber pers\u00f6nlich, per e-Mail an <a href=\"mailto:luxor103@gmail.com\" target=\"_blank\" rel=\"noreferrer noopener\">luxor103@gmail.com<\/a> oder telefonisch unter 0664 308 02 51 erfolgen.<\/p>\n\n\n\n<p>W\u00e4hrend der Saison sind die Erfolge jedes Turniers, die im Rahmen des Dressurcups gewertet werden sollen, mit Ergebnislisten und idealerweise mit Fotos f\u00fcr unsere Website bei Karin Oberhuber zu melden.<\/p>\n\n\n\n<div style=\"height:10px;width:0px\" aria-hidden=\"true\" class=\"wp-block-spacer\"><\/div>\n\n\n\n<p class=\"is-style-default\" style=\"font-style:normal;font-weight:700\">Ergebnisse Dressurcup 2026<\/p>\n\n\n\n<figure class=\"wp-block-table is-style-regular has-large-font-size\" style=\"padding-top:0;padding-bottom:0\"><table style=\"border-style:none;border-width:0px\"><tbody><tr><td><\/td><td class=\"has-text-align-right\" data-align=\"right\"><\/td><td><strong>Zur Zeit liegen noch keine Ergebnisse f\u00fcr 2026 vor.<\/strong><\/td><td class=\"has-text-align-right\" data-align=\"right\"><\/td><\/tr><\/tbody><\/table><\/figure>\n","protected":false},"excerpt":{"rendered":"<p>F\u00fcr unsere Stammmitglieder tragen wir 2026 den Dressurcup der Wiener Reitervereinigung St. Georg mit neuen Modalit\u00e4ten aus. Der Cup wird in den Klassen A, L, L\/M und M ausgetragen. Aufgaben der Klasse LP werden der Klasse M hinzugerechnet. F\u00fcr die Wertung werden ausschlie\u00dflich Dressurpr\u00fcfungen herangezogen. Nicht gewertet werden Dressurreiterpr\u00fcfungen, Dressurpferdepr\u00fcfungen und K\u00fcrbewerbe. Im Rahmen des [&hellip;]<\/p>\n","protected":false},"author":1,"featured_media":0,"parent":0,"menu_order":0,"comment_status":"closed","ping_status":"closed","template":"","meta":{"footnotes":""},"class_list":["post-857","page","type-page","status-publish","hentry"],"_links":{"self":[{"href":"https:\/\/st-georg-wien.at\/index.php\/wp-json\/wp\/v2\/pages\/857","targetHints":{"allow":["GET"]}}],"collection":[{"href":"https:\/\/st-georg-wien.at\/index.php\/wp-json\/wp\/v2\/pages"}],"about":[{"href":"https:\/\/st-georg-wien.at\/index.php\/wp-json\/wp\/v2\/types\/page"}],"author":[{"embeddable":true,"href":"https:\/\/st-georg-wien.at\/index.php\/wp-json\/wp\/v2\/users\/1"}],"replies":[{"embeddable":true,"href":"https:\/\/st-georg-wien.at\/index.php\/wp-json\/wp\/v2\/comments?post=857"}],"version-history":[{"count":1,"href":"https:\/\/st-georg-wien.at\/index.php\/wp-json\/wp\/v2\/pages\/857\/revisions"}],"predecessor-version":[{"id":858,"href":"https:\/\/st-georg-wien.at\/index.php\/wp-json\/wp\/v2\/pages\/857\/revisions\/858"}],"wp:attachment":[{"href":"https:\/\/st-georg-wien.at\/index.php\/wp-json\/wp\/v2\/media?parent=857"}],"curies":[{"name":"wp","href":"https:\/\/api.w.org\/{rel}","templated":true}]}}