{"id":76,"date":"2025-04-20T14:05:30","date_gmt":"2025-04-20T14:05:30","guid":{"rendered":"https:\/\/st-georg-wien.at\/?page_id=76"},"modified":"2025-05-18T10:26:30","modified_gmt":"2025-05-18T10:26:30","slug":"datenschutz","status":"publish","type":"page","link":"https:\/\/st-georg-wien.at\/index.php\/datenschutz\/","title":{"rendered":"Datenschutz"},"content":{"rendered":"\n<div style=\"height:20px\" aria-hidden=\"true\" class=\"wp-block-spacer\"><\/div>\n\n\n\n<p>Die Wiener Reitervereinigung St. Georg (ZVR 768178307) h\u00e4lt sich bei der Speicherung und Verarbeitung Ihrer Daten streng an die Datenschutzgrundverordnung und das Datenschutzgesetz.<\/p>\n\n\n\n<div style=\"height:10px\" aria-hidden=\"true\" class=\"wp-block-spacer\"><\/div>\n\n\n\n<p style=\"font-style:normal;font-weight:700\"><strong>Datenschutzerkl\u00e4rung gem\u00e4\u00df Artikel 13 und Artikel 15 DSGVO<\/strong><\/p>\n\n\n\n<p>Die nachfolgend angef\u00fchrten Daten unserer Vereinsmitglieder, Veranstalter, Funktion\u00e4re, Unterrichtenden und Vortragenden werden grunds\u00e4tzlich auf der Grundlage der \u00a7\u00a7 20 und 21 Vereinsgesetz verarbeitet. Verantwortlich f\u00fcr die Verarbeitung ist der Vereinsvorstand, erreichbar unter den folgenden Kontaktdaten: DI Gerhard L\u00f6w, Wei\u00dfenbach 18, 2371 Hinterbr\u00fchl; <a href=\"mailto:gerhard.loew@gmx.at\">gerhard.loew@gmx.at<\/a>.<\/p>\n\n\n\n<p>F\u00fcr den Fall einer Verschmelzung des Vereins mit einem anderen Verein werden die nachfolgend angef\u00fchrten Daten und die damit verbundene Verantwortung an den neuen Verein \u00fcbertragen.<\/p>\n\n\n\n<div style=\"height:10px\" aria-hidden=\"true\" class=\"wp-block-spacer\"><\/div>\n\n\n\n<p style=\"font-style:normal;font-weight:700\"><strong>1) Unumg\u00e4ngliche Datenverarbeitungen des Vereins<\/strong><\/p>\n\n\n\n<p>Um mit unseren Vereinsmitgliedern kommunizieren und unseren Informationspflichten nachkommen zu k\u00f6nnen, bewahren wir die Beitrittserkl\u00e4rungen in elektronischer (eingescannter) Form auf und f\u00fchren in MS Excel ein j\u00e4hrliches Mitgliederverzeichnis mit folgenden personenbezogenen Daten:<\/p>\n\n\n\n<ul class=\"wp-block-list\">\n<li>Mitgliedsnummer<\/li>\n\n\n\n<li>Namen, Titel<\/li>\n\n\n\n<li>Geschlecht<\/li>\n\n\n\n<li>Anschrift<\/li>\n\n\n\n<li>Telefon, E-Mail<\/li>\n\n\n\n<li>Geburtsdatum<\/li>\n\n\n\n<li>Eintrittsdatum<\/li>\n\n\n\n<li>Mitgliedsstatus (ordentliches Mitglied, Stammmitglied, Anschlu\u00dfmitglied)<\/li>\n\n\n\n<li>Auszeichnungen (des Reitvereins)<\/li>\n\n\n\n<li>Zahlungsstatus<\/li>\n<\/ul>\n\n\n\n<p>Wir leiten die Beitrittserkl\u00e4rungen an den Wiener Pferdesportverband weiter, der diese wiederum an den \u00d6sterreichischen Pferdesportverband weiterleitet, um den Mitgliedern die Teilnahme an Pr\u00fcfungen und Turnieren zu erm\u00f6glichen.<\/p>\n\n\n\n<p>Zur Dokumentation der finanziellen Vereinsgebahrung f\u00fchren wir eine Buchhaltung in MS Excel mit folgenden personenbezogenen Daten:<\/p>\n\n\n\n<ul class=\"wp-block-list\">\n<li>Namen in Zusammenhang mit Zahlungseing\u00e4ngen und \u2013ausg\u00e4ngen (debitorische und kreditorische Aufzeichnungen wie Mitgliedsbeitr\u00e4ge, Spenden, Honorarnoten etc)<\/li>\n<\/ul>\n\n\n\n<p>Wir protokollieren Vorstandsbeschl\u00fcsse mit folgenden personenbezogenen Daten:<\/p>\n\n\n\n<ul class=\"wp-block-list\">\n<li>Namen der in die Beschl\u00fcsse involvierten Personen bzw der von Beschl\u00fcssen betroffenen Personen<\/li>\n<\/ul>\n\n\n\n<p>Der Verein f\u00fchrt den erforderlichen Schriftverkehr und verwaltet die hiermit verbundenen Akten, um seiner Gesch\u00e4ftst\u00e4tigkeit ordnungsgem\u00e4\u00df nachzukommen und auf Antr\u00e4ge, Gesuche, Anzeigen, Beschwerden und sonstige Mitteilungen, die an den Verein herangetragen werden, sachgerecht zu reagieren. In diesem Zusammenhang verarbeiten wir folgende personenbezogenen Daten:<\/p>\n\n\n\n<ul class=\"wp-block-list\">\n<li>Namen<\/li>\n\n\n\n<li>Postanschriften<\/li>\n\n\n\n<li>Telefonnummern<\/li>\n\n\n\n<li>E-Mail-Adressen<\/li>\n\n\n\n<li>Sachverhalte, Vermerke und Notizen<\/li>\n<\/ul>\n\n\n\n<p>Die genannten Datenverarbeitung erfolgen insbesondere auf Grundlage von Artikel 6 Abs (1) Punkt b) und c) Datenschutzgrundverordnung sowie auf Basis der Verpflichtungen, die sich aus den \u00a7\u00a7 20 und 21 Vereinsgesetz ergeben.<\/p>\n\n\n\n<p>Die genannten Datenverarbeitungen sind unumg\u00e4nglich, um einer ordentlichen Vereinsgebahrung nachzukommen und um die Pflichten, die sich aus dem Vertragsverh\u00e4ltnis zwischen dem Verein und dem Vereinsmitglied ergeben, erf\u00fcllen zu k\u00f6nnen. Die genannten Datenverarbeitungen k\u00f6nnen f\u00fcr eine betroffene Person nur in Verbindung mit ihrem Austritt aus der Wiener Reitervereinigung St. Georg eingestellt werden. Aufgrund gesetzlicher Bestimmungen m\u00fcssen diese Daten in bestimmten Situationen auch \u00fcber die K\u00fcndigung hinaus erhalten werden (zB Dokumentation der finanziellen Vereinsgebahrung, Schriftverkehr und Akten im Falle von Rechtsstreitigkeiten, etc).<\/p>\n\n\n\n<p>Datenaufbewahrungsfristen und L\u00f6schfristen:<\/p>\n\n\n\n<ul class=\"wp-block-list\">\n<li>Die Beitrittserkl\u00e4rung eines Mitglieds wird drei Jahre nach dessen Austritt aus dem Verein vernichtet und elektronisch gel\u00f6scht.<\/li>\n\n\n\n<li>Das Mitgliederverzeichnis eines Kalenderjahres wird drei Jahre nach Ablauf dieses Kalenderjahres aufbewahrt und anschlie\u00dfend gel\u00f6scht.<\/li>\n\n\n\n<li>Die Buchhaltung, der Schriftverkehr des Vereins und die hiermit verbundenen Akten werden 7 Jahre gem\u00e4\u00df \u00a7 132 Abs (1) Bundesabgabenordnung aufbewahrt. Anschlie\u00dfend werden die Daten gel\u00f6scht und die Schriftst\u00fccke vernichtet.<\/li>\n\n\n\n<li>Die Vorstandsbeschl\u00fcsse werden aufbewahrt, solange sie aufrecht sind und nicht durch nachfolgende Vorstandsbeschl\u00fcsse aufgehoben werden. Sie werden einer j\u00e4hrlichen Revision unterzogen.<\/li>\n<\/ul>\n\n\n\n<p>Um das Recht auf L\u00f6schung hinsichtlich der genannten Datenverarbeitungen aus\u00fcben zu k\u00f6nnen, ist der Austritt aus der Wiener Reitervereinigung St. Georg notwendig.<\/p>\n\n\n\n<div style=\"height:10px\" aria-hidden=\"true\" class=\"wp-block-spacer\"><\/div>\n\n\n\n<p style=\"font-style:normal;font-weight:700\"><strong>2) Sonstige Datenverarbeitungen des Vereins<\/strong><\/p>\n\n\n\n<p>Wir versenden Rundschreiben und Informationsschreiben, um interne und externe Informationen an unsere Vereinsmitglieder weiterzuleiten. Die Rundschreiben enthalten Namen, Titel, Anschriften und E-Mail-Adressen.<\/p>\n\n\n\n<p>Wir f\u00fchren Rang- und Erfolgslisten \u00fcber unsere Mitglieder, um F\u00f6rderungen zu beantragen (zB ASV\u00d6), um Ehrungen im Rahmen der Generalversammlung vorzunehmen und um die sportlichen Erfolge unserer Mitglieder auf der Vereins-Homepage und unter dem Facebook-Auftritt des Vereins zu ver\u00f6ffentlichen. Die Rang- und Erfolgslisten enthalten Namen und Titel unserer Mitglieder.<\/p>\n\n\n\n<p>Wir organisieren Turniere, Kurse, Vortr\u00e4ge und andere Veranstaltungen f\u00fcr unsere Vereinsmitglieder sowie f\u00fcr die Mitglieder anderer Pferdesportvereine und G\u00e4ste. In diesem Zusammenhang f\u00fchren wir Aufzeichnungen \u00fcber die Teilnehmer, die Veranstalter, \u00fcber Funktion\u00e4re und Vortragende, die Mitgliedsnummern, Namen, Titel, Postanschriften und E-Mail-Adressen beinhalten. Wir geben die Ausschreibungen und die Ergebnislisten von Turnieren an den Wiener Pferdesportverband sowie an den \u00d6sterreichischen Pferdesportverband weiter. Wir geben Ausschreibungen zu und Berichte von Kursen, Vortr\u00e4gen und anderen Veranstaltungen an den Wiener Pferdesportverband weiter.<\/p>\n\n\n\n<p>Wir f\u00fchren eine Vereins-Homepage und einen Facebook-Auftritt, um die Vereinsinteressen zu ver\u00f6ffentlichen, unsere Vereinst\u00e4tigkeit darzustellen, den Verein zu bewerben und aktuelle Informationen weiterzugeben. Diese Datenverarbeitungen enthalten Namen und Titel unserer Mitglieder sowie von Unterrichtenden, Vortragenden und Funktion\u00e4ren, pferdesportliche Erfolge, Ranglisten und Ergebnisse sowie Fotos und Videos.<\/p>\n\n\n\n<p>Die genannten Datenverarbeitung erfolgen insbesondere auf Grundlage von Artikel 6 Abs (1) Punkt a), b) und c) Datenschutzgrundverordnung sowie auf Basis der Verpflichtungen, die sich aus \u00a7 20 Vereinsgesetz ergeben.<\/p>\n\n\n\n<p>Datenaufbewahrungsfristen und L\u00f6schfristen:<\/p>\n\n\n\n<ul class=\"wp-block-list\">\n<li>Wir vernichten Rundschreiben und Informationsschreiben drei Jahre nach Ablauf des Kalenderjahres der Aussendung.<\/li>\n\n\n\n<li>Wir vernichten Rang- und Erfolgslisten drei Jahre nach Ablauf des Kalenderjahres der jeweiligen Listung.<\/li>\n\n\n\n<li>Wir vernichten die Unterlagen \u00fcber Turniere, Kurse, Vortr\u00e4ge und andere Veranstaltungen drei Jahre nach Ablauf des Kalenderjahres der jeweiligen Veranstaltung.<\/li>\n\n\n\n<li>Wir l\u00f6schen Beitr\u00e4ge der Vereins-Homepage drei Jahre nach Ablauf des Kalenderjahres der Ver\u00f6ffentlichung des jeweiligen Beitrags.<\/li>\n\n\n\n<li>Wir l\u00f6schen Beitr\u00e4ge auf Facebook drei Jahre nach Ablauf des Kalenderjahres der Ver\u00f6ffentlichung des jeweiligen Beitrags.<\/li>\n<\/ul>\n\n\n\n<p>Hinsichtlich der genannten Datenverarbeitung k\u00f6nnen unsere Vereinsmitglieder ebenso wie Veranstalter, Funktion\u00e4re, Unterrichtende und Vortragende jederzeit von ihrem Recht auf L\u00f6schung Gebrauch machen. L\u00f6schungen oder Anonymisierungen erfolgen f\u00fcr die genannten Datenverarbeitungen problemlos auch bei Unterschreitung der genannten L\u00f6schfristen.<\/p>\n\n\n\n<p>Unsere Mitglieder k\u00f6nnen der Verwendung der personenbezogenen Daten gem\u00e4\u00df Punkt 1) f\u00fcr Datenverarbeitungen gem\u00e4\u00df Punkt 2) ohne weitere Auswirkung auf ihre Vereinsmitgliedschaft untersagen (Einschr\u00e4nkung der Verarbeitung).<\/p>\n\n\n\n<div style=\"height:10px\" aria-hidden=\"true\" class=\"wp-block-spacer\"><\/div>\n\n\n\n<p style=\"font-style:normal;font-weight:700\"><strong>3) Besondere Rechte<\/strong><\/p>\n\n\n\n<p style=\"font-style:normal;font-weight:600\">Sofern das Vereinsmitglied eine Einwilligung f\u00fcr die Verarbeitung personenbezogener Daten in der Wiener Reitervereinigung St. Georg gegeben hat, kann es diese jederzeit gem\u00e4\u00df Artikel 21 Datenschutzgrundverordnung mittels Brief an die Wiener Reitervereinigung St. Georg, DI Gerhard L\u00f6w, Wei\u00dfenbach 18, 2371 Hinterbr\u00fchl oder per E-Mail an <a href=\"mailto:heinz.breza@a1.net\">gerhard.loew@gmx.at<\/a> widerrufen.<\/p>\n\n\n\n<p>Ab dem Zeitpunkt des Einlangens des Widerrufs in der Wiener Reitervereinigung St. Georg erfolgen keine weiteren Datenverarbeitungen auf der Grundlage dieser Einwilligungserkl\u00e4rung. Die Rechtm\u00e4\u00dfigkeit der Verarbeitung der Daten des Vereinsmitglieds bis zum Einlangen des Widerrufs bleibt davon unber\u00fchrt.<\/p>\n\n\n\n<p style=\"font-style:normal;font-weight:600\">Recht auf Auskunft<\/p>\n\n\n\n<p>Das Vereinsmitglied hat das Recht auf Auskunft gem\u00e4\u00df Artikel 13, 14 und 15 Datenschutzgrundverordnung. Das Recht auf Auskunft umfasst insbesondere die Vorlage dieser Datenschutzerkl\u00e4rung und die Auskunft, ob und welche personenbezogenen Daten des Vereinsmitglieds in unserem Verein elektronisch verarbeitet werden. Die Auskunft \u00fcber die personenbezogenen Daten kann wahlweise auf Papier oder elektronisch erfolgen.<\/p>\n\n\n\n<p style=\"font-style:normal;font-weight:600\">Recht auf Daten\u00fcbertragbarkeit<\/p>\n\n\n\n<p>Das Vereinsmitglied hat das Recht auf Daten\u00fcbertragbarkeit gem\u00e4\u00df Artikel 20 Datenschutzgrundverordnung.<\/p>\n\n\n\n<p style=\"font-style:normal;font-weight:600\">Recht auf Berichtigung, Einschr\u00e4nkung der Verarbeitung und L\u00f6schung<\/p>\n\n\n\n<p>Das Vereinsmitglied hat das Recht auf Berichtigung, Einschr\u00e4nkung der Verarbeitung und L\u00f6schung gem\u00e4\u00df Artikel 16, 17, 18 und 19 Datenschutzgrundverordnung. Die Methode, wie das Recht auf L\u00f6schung in unserer Datenverarbeitung umgesetzt wird, wird in den Punkten 1) und 2) dieser Datenschutzerkl\u00e4rung erkl\u00e4rt.<\/p>\n\n\n\n<p style=\"font-style:normal;font-weight:600\">Recht auf Beschwerde<\/p>\n\n\n\n<p>Das Vereinsmitglied hat gem\u00e4\u00df Artikel 77 Datenschutzgrundverordnung das Recht auf Beschwerde bei der \u00d6sterreichischen Datenschutzbeh\u00f6rde, Barichgasse 40-42, 1030 Wien (<a href=\"https:\/\/www.dsb.gv.at\/\">https:\/\/www.dsb.gv.at\/<\/a>).<\/p>\n\n\n\n<div style=\"height:10px\" aria-hidden=\"true\" class=\"wp-block-spacer\"><\/div>\n\n\n\n<p>Stand der vorliegenden Datenschutzerkl\u00e4rung: 22.4.2025<\/p>\n","protected":false},"excerpt":{"rendered":"<p>Die Wiener Reitervereinigung St. Georg (ZVR 768178307) h\u00e4lt sich bei der Speicherung und Verarbeitung Ihrer Daten streng an die Datenschutzgrundverordnung und das Datenschutzgesetz. Datenschutzerkl\u00e4rung gem\u00e4\u00df Artikel 13 und Artikel 15 DSGVO Die nachfolgend angef\u00fchrten Daten unserer Vereinsmitglieder, Veranstalter, Funktion\u00e4re, Unterrichtenden und Vortragenden werden grunds\u00e4tzlich auf der Grundlage der \u00a7\u00a7 20 und 21 Vereinsgesetz verarbeitet. Verantwortlich [&hellip;]<\/p>\n","protected":false},"author":1,"featured_media":0,"parent":0,"menu_order":0,"comment_status":"closed","ping_status":"closed","template":"","meta":{"footnotes":""},"class_list":["post-76","page","type-page","status-publish","hentry"],"_links":{"self":[{"href":"https:\/\/st-georg-wien.at\/index.php\/wp-json\/wp\/v2\/pages\/76","targetHints":{"allow":["GET"]}}],"collection":[{"href":"https:\/\/st-georg-wien.at\/index.php\/wp-json\/wp\/v2\/pages"}],"about":[{"href":"https:\/\/st-georg-wien.at\/index.php\/wp-json\/wp\/v2\/types\/page"}],"author":[{"embeddable":true,"href":"https:\/\/st-georg-wien.at\/index.php\/wp-json\/wp\/v2\/users\/1"}],"replies":[{"embeddable":true,"href":"https:\/\/st-georg-wien.at\/index.php\/wp-json\/wp\/v2\/comments?post=76"}],"version-history":[{"count":7,"href":"https:\/\/st-georg-wien.at\/index.php\/wp-json\/wp\/v2\/pages\/76\/revisions"}],"predecessor-version":[{"id":623,"href":"https:\/\/st-georg-wien.at\/index.php\/wp-json\/wp\/v2\/pages\/76\/revisions\/623"}],"wp:attachment":[{"href":"https:\/\/st-georg-wien.at\/index.php\/wp-json\/wp\/v2\/media?parent=76"}],"curies":[{"name":"wp","href":"https:\/\/api.w.org\/{rel}","templated":true}]}}