{"id":74,"date":"2025-04-20T14:05:17","date_gmt":"2025-04-20T14:05:17","guid":{"rendered":"https:\/\/st-georg-wien.at\/?page_id=74"},"modified":"2026-02-18T05:23:49","modified_gmt":"2026-02-18T05:23:49","slug":"statuten","status":"publish","type":"page","link":"https:\/\/st-georg-wien.at\/index.php\/statuten\/","title":{"rendered":"Statuten"},"content":{"rendered":"\n<div style=\"height:20px\" aria-hidden=\"true\" class=\"wp-block-spacer\"><\/div>\n\n\n\n<h1 class=\"wp-block-heading has-x-large-font-size\"><strong>Wiener Reitervereinigung St. Georg<\/strong><\/h1>\n\n\n\n<p>ZVR-Zahl: 768178307<\/p>\n\n\n\n<p><em>Alle m\u00e4nnlichen Funktionsbezeichnungen sind im Sinne der Gleichbehandlung auch weiblich und unter Einbeziehung jedes anderen Geschlechts zu verstehen.<\/em><\/p>\n\n\n\n<div style=\"height:10px\" aria-hidden=\"true\" class=\"wp-block-spacer\"><\/div>\n\n\n\n<p class=\"has-large-font-size\" style=\"font-style:normal;font-weight:400\"><strong>\u00a7 1 &#8211; Name und Sitz des Vereines<\/strong><\/p>\n\n\n\n<p>Der Verein f\u00fchrt den Namen \u201eWiener Reitervereinigung St. Georg\u201c und hat seinen Sitz in Wien. Er ist ein gemeinn\u00fctziger, unpolitischer, nicht auf den Gewinn berechneter Verein.<\/p>\n\n\n\n<div style=\"height:10px\" aria-hidden=\"true\" class=\"wp-block-spacer\"><\/div>\n\n\n\n<p style=\"font-style:normal;font-weight:400\"><strong>\u00a7 2 &#8211; Zweck des Vereines<\/strong><\/p>\n\n\n\n<p>Der Verein bezweckt die k\u00f6rperliche Ert\u00fcchtigung seiner Mitglieder durch die Pflege aller Arten von Leibes\u00fcbungen, insbesondere<\/p>\n\n\n\n<ol style=\"list-style-type:lower-alpha\" class=\"wp-block-list\">\n<li>die F\u00f6rderung des Reitsports,<\/li>\n\n\n\n<li>das Zustandebringen reitsportlicher Veranstaltungen und<\/li>\n\n\n\n<li>die Pflege der Geselligkeit<\/li>\n<\/ol>\n\n\n\n<p>unter Bedachtnahme<\/p>\n\n\n\n<ul class=\"wp-block-list\">\n<li>des Pferdewohls unter besonderer Ber\u00fccksichtigung des \u00f6sterreichischen Tierschutzgesetzes und der einschl\u00e4gigen Richtlinien des \u00d6sterreichischen Pferdsportverbands und der FEI (F\u00e9d\u00e9ration \u00e9questre internationale) sowie<\/li>\n\n\n\n<li>\u00f6sterreichischer und europ\u00e4ischer Werte, wie sie in Artikel 2 des Vertrags \u00fcber die europ\u00e4ische Union festgelegt sind. Diese Werte umfassen Menschenw\u00fcrde, Freiheit, Demokratie, Gleichheit, Rechtsstaatlichkeit und die Wahrung von Menschenrechten einschlie\u00dflich der Rechte von Minderheiten.<\/li>\n<\/ul>\n\n\n\n<p>Der  Verein \u00fcbt seine T\u00e4tigkeit \u00fcberparteilich aus.<\/p>\n\n\n\n<div style=\"height:10px\" aria-hidden=\"true\" class=\"wp-block-spacer\"><\/div>\n\n\n\n<p style=\"font-style:normal;font-weight:400\"><strong>\u00a7 3 &#8211; Aufbringung der Mittel<\/strong><\/p>\n\n\n\n<p>Die erforderlichen Mittel zur Erreichung des Zweckes werden aufgebracht durch<\/p>\n\n\n\n<ol style=\"list-style-type:lower-alpha\" class=\"wp-block-list\">\n<li>Beitrittsgeb\u00fchren und Mitgliedsbeitr\u00e4ge,<\/li>\n\n\n\n<li>Ertr\u00e4ge aus Veranstaltungen sowie<\/li>\n\n\n\n<li>Geschenke, Spenden und sonstige Zuwendungen.<\/li>\n<\/ol>\n\n\n\n<div style=\"height:10px\" aria-hidden=\"true\" class=\"wp-block-spacer\"><\/div>\n\n\n\n<p style=\"font-style:normal;font-weight:400\"><strong>\u00a7 4 &#8211; Mitgliedschaft<\/strong><\/p>\n\n\n\n<p>Der Verein besteht aus Ehrenmitgliedern, f\u00f6rdernden und ordentlichen Mitgliedern.<\/p>\n\n\n\n<ol start=\"1\" class=\"wp-block-list\">\n<li>Zu Ehrenmitgliedern k\u00f6nnen auf Vorschlag des Vorstandes von der Generalversammlung Personen ernannt werden, die sich um den Verein oder die F\u00f6rderung des Reitsports besondere Verdienste erworben haben. Ehrenmitglieder sind nicht verpflichtet, einen Mitgliedsbeitrag zu leisten.<\/li>\n\n\n\n<li>F\u00f6rdernde Mitglieder k\u00f6nnen alle ordentlichen Mitglieder sein, die einen j\u00e4hrlich von der Generalversammlung zu bestimmenden Beitrag als F\u00f6rderer entrichten.<\/li>\n\n\n\n<li>Ordentliches Mitglied kann jede Person werden, die neben einer einmaligen Beitrittsgeb\u00fchr fortlaufend den von der Generalversammlung jeweils festgesetzten Mitgliedsbeitrag entrichtet. \u00dcber die Aufnahme der f\u00f6rdernden und ordentlichen Mitglieder entscheidet der Vorstand.<\/li>\n<\/ol>\n\n\n\n<div style=\"height:10px\" aria-hidden=\"true\" class=\"wp-block-spacer\"><\/div>\n\n\n\n<p style=\"font-style:normal;font-weight:400\"><strong>\u00a7 5 &#8211; Rechte und Pflichten der Mitglieder<\/strong><\/p>\n\n\n\n<p>Die Mitglieder haben nachstehende Rechte:<\/p>\n\n\n\n<ol start=\"1\" class=\"wp-block-list\">\n<li>Aktives und passives Wahlrecht. Das passive Wahlrecht haben jedoch nur vollj\u00e4hrige Mitglieder, die \u00f6sterreichische Staatsb\u00fcrger sind, und jene Ausl\u00e4nder, die ihren st\u00e4ndigen Wohnsitz seit mindestens 6 Monaten in \u00d6sterreich haben.<\/li>\n\n\n\n<li>Das Recht auf Preiserm\u00e4\u00dfigung f\u00fcr ihre Person bei Bezug von Eintrittskarten zu Veranstaltungen des Vereins.<\/li>\n\n\n\n<li>Alle Einrichtungen des Vereins in Anspruch zu nehmen.<\/li>\n\n\n\n<li>Die aktive Teilnahme an den Veranstaltungen des Vereins.<\/li>\n\n\n\n<li>Das Tragen der Vereinsabzeichen.<\/li>\n<\/ol>\n\n\n\n<p>Die Mitglieder sind verpflichtet:<\/p>\n\n\n\n<ol start=\"1\" class=\"wp-block-list\">\n<li>Den Verein bei der Erreichung seiner Ziele zu unterst\u00fctzen.<\/li>\n\n\n\n<li>Die Beitr\u00e4ge rechtzeitig zu entrichten.<\/li>\n\n\n\n<li>Die Interessen und das Ansehen des Vereins jederzeit zu wahren.<\/li>\n\n\n\n<li>Sich an die Statuten des Vereins und an die Beschl\u00fcsse seiner Organe zu halten.<\/li>\n<\/ol>\n\n\n\n<div style=\"height:10px\" aria-hidden=\"true\" class=\"wp-block-spacer\"><\/div>\n\n\n\n<p style=\"font-style:normal;font-weight:400\"><strong>\u00a7 6 &#8211; L\u00f6schen der Mitgliedschaft<\/strong><\/p>\n\n\n\n<p>Die Mitgliedschaft erlischt:<\/p>\n\n\n\n<ol start=\"1\" class=\"wp-block-list\">\n<li>Durch freiwilligen Austritt. Dieser hat nach dem Reglement der \u00d6sterreichischen Turnierordnung des \u00d6sterreichischen Pferdesportverbands (OEPS) schriftlich zu erfolgen.<\/li>\n\n\n\n<li>Durch Ausschluss. Dieser muss durch den Vorstand ausgesprochen werden und kann erfolgen wenn:\n<ol style=\"list-style-type:lower-alpha\" class=\"wp-block-list\">\n<li>Das Mitglied trotz Mahnung seiner Verpflichtung zur Zahlung des Mitgliedsbeitrags nicht nachkommt.<\/li>\n\n\n\n<li>Das Mitglied durch sein Verhalten die Interessen und das Ansehen des Vereins sch\u00e4digt. Beim Erl\u00f6schen der Mitgliedschaft hat das ausscheidende Mitglied keinen Anspruch auf R\u00fcckerstattung bereits bezahlter Beitr\u00e4ge.<\/li>\n<\/ol>\n<\/li>\n\n\n\n<li>Durch Tod des Mitglieds.<\/li>\n<\/ol>\n\n\n\n<div style=\"height:10px\" aria-hidden=\"true\" class=\"wp-block-spacer\"><\/div>\n\n\n\n<p style=\"font-style:normal;font-weight:400\"><strong>\u00a7 7 &#8211; Organe des Vereins<\/strong><\/p>\n\n\n\n<ol style=\"list-style-type:lower-alpha\" class=\"wp-block-list\">\n<li>Generalversammlung<\/li>\n\n\n\n<li>Vorstand<\/li>\n\n\n\n<li>Rechnungspr\u00fcfer<\/li>\n\n\n\n<li>Schiedsgericht<\/li>\n<\/ol>\n\n\n\n<div style=\"height:10px\" aria-hidden=\"true\" class=\"wp-block-spacer\"><\/div>\n\n\n\n<p style=\"font-style:normal;font-weight:400\"><strong>\u00a7 8 &#8211; Die Generalversammlung<\/strong><\/p>\n\n\n\n<p>Der Generalversammlung obliegt:<\/p>\n\n\n\n<ol style=\"list-style-type:lower-alpha\" class=\"wp-block-list\">\n<li>Die Wahl des Vorstandes<\/li>\n\n\n\n<li>Die Wahl der beiden Rechnungspr\u00fcfer<\/li>\n\n\n\n<li>Die Ernennung von Ehrenmitgliedern<\/li>\n\n\n\n<li>Die Bestimmung der Mitgliedsbeitr\u00e4ge f\u00fcr die ordentlichen Mitglieder und der Beitr\u00e4ge f\u00fcr die F\u00f6rderer<\/li>\n\n\n\n<li>Die Beschlussfassung \u00fcber Antr\u00e4ge zur Tagesordnung, die \u00c4nderung der Statuten und die Aufl\u00f6sung des Vereins<\/li>\n<\/ol>\n\n\n\n<p>Die ordentliche Generalversammlung findet allj\u00e4hrlich in der zweiten H\u00e4lfte des Kalenderjahres am Sitz des Vereins statt.<\/p>\n\n\n\n<p>Eine au\u00dferordentliche Generalversammlung kann einberufen werden, so oft die F\u00fchrung der Gesch\u00e4fte dies erfordert, wor\u00fcber der Vorstand beschlie\u00dft. Sie muss einberufen werden, wenn dies von der ordentlichen Generalversammlung beschlossen oder von mindestens einem Zehntel s\u00e4mtlicher Mitglieder unter Angabe der Gr\u00fcnde beim Vorstand schriftlich beantragt wird. Die au\u00dferordentliche Generalversammlung ist sp\u00e4testens vier Wochen vom Zeitpunkt des Beschlusses bzw. des Einlangens des schriftlichen Begehrens einzuberufen.<\/p>\n\n\n\n<p>Sowohl bei ordentlichen wie bei au\u00dferordentlichen Generalversammlungen ist eine Einberufungsfrist von mindestens 14 Tagen einzuhalten. Zeitpunkt, Versammlungsort, Beginn der Versammlung und die Tagesordnung sind gleichzeitig mit der Einladung bekannt zu geben. Die Einberufung erfolgt durch den Vorstand.<\/p>\n\n\n\n<p>Die Mitglieder haben das Recht, Antr\u00e4ge an die Generalversammlung zu stellen, jedoch m\u00fcssen diese mindestens acht Tage vor Abhaltung derselben beim Vorstand schriftlich einlangen.<\/p>\n\n\n\n<p>Beschl\u00fcsse, ausgenommen solche \u00fcber einen Antrag auf Einberufung einer au\u00dferordentlichen Generalversammlung, k\u00f6nnen nur zur Tagesordnung gefasst werden.<\/p>\n\n\n\n<p>Die \u00dcbertragung des Stimmrechts auf ein anderes Mitglied im Wege einer schriftlichen Bevollm\u00e4chtigung ist zul\u00e4ssig. Jedes Mitglied kann aber nur zwei Stimmrechte aus\u00fcben.<\/p>\n\n\n\n<p>Die Generalversammlung ist bei Anwesenheit von mindestens einem Drittel der ordentlichen Mitglieder (bzw. ihrer Vertreter) beschlussf\u00e4hig. Ist die Generalversammlung zur festgesetzten Zeit nicht beschlussf\u00e4hig, findet 15 Minuten sp\u00e4ter eine Generalversammlung mit derselben Tagesordnung statt, die ohne R\u00fccksicht auf die Zahl der anwesenden (oder vertretenen) Mitglieder beschlussf\u00e4hig ist.<\/p>\n\n\n\n<p>Wenn \u00fcber eine Statuten\u00e4nderung oder \u00fcber die Aufl\u00f6sung des Vereins zu beschlie\u00dfen ist, so ist eine Zweidrittelmehrheit, bei Wahlen oder sonstigen Antr\u00e4gen zur Beschlussfassung eine einfache Stimmenmehrheit erforderlich. Bei Stimmengleichheit gilt ein Antrag als abgelehnt. Bei Stimmengleichheit bei Wahlen findet zwischen den beiden stimmenst\u00e4rksten Kandidaten eine Stichwahl statt. Kommt es wieder zur Stimmengleichheit, entscheidet das Los. Den Vorsitz in der Generalversammlung f\u00fchrt der Pr\u00e4sident, bei dessen Verhinderung der von ihm ernannte Stellvertreter. Wenn auch dieser verhindert ist, das \u00e4lteste anwesende Vorstandsmitglied. Der Wahlleiter wird vom Vorsitzenden bestellt.<\/p>\n\n\n\n<p>Auf Verlangen von mindestens einem Drittel der anwesenden stimmberechtigten Mitglieder ist geheim mit Stimmzettel abzustimmen.<\/p>\n\n\n\n<p>\u00dcber die Verhandlungen jeder Generalversammlung ist ein Protokoll zu f\u00fchren, aus welchem die Zahl der anwesenden Mitglieder, die Beschlussf\u00e4higkeit und das Stimmenverh\u00e4ltnis sowie alle Angaben ersichtlich sein m\u00fcssen, welche eine \u00dcberpr\u00fcfung der statutenm\u00e4\u00dfigen G\u00fcltigkeit der gefassten Beschl\u00fcsse erm\u00f6glichen.<\/p>\n\n\n\n<div style=\"height:10px\" aria-hidden=\"true\" class=\"wp-block-spacer\"><\/div>\n\n\n\n<p style=\"font-style:normal;font-weight:400\"><strong>\u00a7 9 &#8211; Der Vorstand<\/strong><\/p>\n\n\n\n<p>Der Vorstand besteht aus drei Mitgliedern, und zwar dem Pr\u00e4sidenten und zwei Vizepr\u00e4sidenten. Der Vorstand wird von der Generalversammlung gew\u00e4hlt. Die Funktionsdauer der Vorstandsmitglieder betr\u00e4gt drei Jahre. Ausscheidende Vorstandsmitglieder sind wieder w\u00e4hlbar. Bei Ausscheiden eines gew\u00e4hlten Mitglieds hat der Vorstand das Recht, ein anderes, w\u00e4hlbares Mitglied zu kooptieren, wozu die nachtr\u00e4gliche Genehmigung der Generalversammlung einzuholen ist.<\/p>\n\n\n\n<p>Dem Vorstand obliegen jene Agenden, die nicht anderen Organen vorbehalten sind, insbesondere die Leitung des Vereins.<\/p>\n\n\n\n<p>Der Vorstand ist bei Anwesenheit aller seiner Mitglieder beschlussf\u00e4hig.<\/p>\n\n\n\n<p>Zur G\u00fcltigkeit von Beschl\u00fcssen des Vorstands gen\u00fcgt die einfache Stimmenmehrheit. \u00dcber die Beschl\u00fcsse des Vorstands ist ein Protokoll zu f\u00fchren, welches vom Pr\u00e4sidenten und einem Vizepr\u00e4sidenten zu unterzeichnen ist. Es gilt als genehmigt, wenn bei der n\u00e4chsten Vorstandssitzung kein Einspruch erhoben wird.<\/p>\n\n\n\n<div style=\"height:10px\" aria-hidden=\"true\" class=\"wp-block-spacer\"><\/div>\n\n\n\n<p style=\"font-style:normal;font-weight:400\"><strong>\u00a7 10 &#8211; Die Rechnungspr\u00fcfer<\/strong><\/p>\n\n\n\n<p>Die beiden Rechnungspr\u00fcfer werden allj\u00e4hrlich von der Generalversammlung gew\u00e4hlt. Ihnen obliegt die \u00dcberpr\u00fcfung der Gebarung des Vereins, wor\u00fcber sie der Generalversammlung zu berichten haben.<\/p>\n\n\n\n<div style=\"height:10px\" aria-hidden=\"true\" class=\"wp-block-spacer\"><\/div>\n\n\n\n<p style=\"font-style:normal;font-weight:400\"><strong>\u00a7 11 &#8211; Das Schiedsgericht<\/strong><\/p>\n\n\n\n<p>\u00dcber Streitigkeiten aus dem Vereinsverh\u00e4ltnis entscheidet das Schiedsgericht. Jeder Streitteil w\u00e4hlt ein Mitglied als Schiedsrichter. Beide Schiedsrichter haben sich auf ein Mitglied als Obmann zu einigen. K\u00f6nnen sie sich \u00fcber die Person des Obmanns nicht einigen, entscheidet das Los. Das Schiedsgericht ist beschlussf\u00e4hig, wenn alle drei Schiedsrichter anwesend sind. Es entscheidet mit Stimmenmehrheit. Die Entscheidungen des Schiedsgerichts sind vor keinem Organ des Vereins anfechtbar.<\/p>\n\n\n\n<div style=\"height:10px\" aria-hidden=\"true\" class=\"wp-block-spacer\"><\/div>\n\n\n\n<p style=\"font-style:normal;font-weight:400\"><strong>\u00a7 12 &#8211; Vertretung des Vereins nach au\u00dfen<\/strong><\/p>\n\n\n\n<p>Der Verein wird nach Au\u00dfen durch den Pr\u00e4sidenten, bei seiner Verhinderung durch einen der beiden Vizepr\u00e4sidenten vertreten. Ausfertigungen und Bekanntmachungen des Vereins m\u00fcssen vom Pr\u00e4sidenten gezeichnet und von einem Vizepr\u00e4sidenten gegengezeichnet sein.<\/p>\n\n\n\n<div style=\"height:10px\" aria-hidden=\"true\" class=\"wp-block-spacer\"><\/div>\n\n\n\n<p style=\"font-style:normal;font-weight:400\"><strong>\u00a7 13 &#8211; Vereinsverm\u00f6gen<\/strong><\/p>\n\n\n\n<p>Das Vereinsverm\u00f6gen darf nur zu den in \u00a7 2 angef\u00fchrten Zwecken verwendet werden. Dies gilt auch f\u00fcr den Fall einer freiwilligen<br>Aufl\u00f6sung des Vereins.<\/p>\n\n\n\n<div style=\"height:10px\" aria-hidden=\"true\" class=\"wp-block-spacer\"><\/div>\n\n\n\n<p style=\"font-style:normal;font-weight:400\"><strong>\u00a7 14<\/strong> &#8211; <strong>Aufl\u00f6sung des Vereins<\/strong><\/p>\n\n\n\n<p>Die Aufl\u00f6sung des Vereins kann erfolgen, wenn in der zu diesem Zweck einberufenen Generalversammlung mindestens zwei Drittel der anwesenden Mitglieder die Aufl\u00f6sung beschlie\u00dfen. Diese Generalversammlung hat bei freiwilliger Aufl\u00f6sung auch \u00fcber das Vereinsverm\u00f6gen zu verf\u00fcgen. Dabei ist das Vereinsverm\u00f6gen vorrangig einem anderen gemeinn\u00fctzigen Verein mit den in \u00a7 2 angef\u00fchrten Zwecken oder \u00e4hnlichen Zielen zuzuf\u00fchren. Ist ein solcher Verein nicht vorhanden, ist das Vereinsverm\u00f6gen einem allgemeinen gemeinn\u00fctzigen Zweck zuzuf\u00fchren. Die \u00dcbertragung des Vereinsverm\u00f6gens hat unter Ma\u00dfgabe der \u00a7\u00a7 34 bis 47 BAO zu erfolgen.<\/p>\n\n\n\n<div style=\"height:10px\" aria-hidden=\"true\" class=\"wp-block-spacer\"><\/div>\n\n\n\n<p>Stand: 1.12.2025<\/p>\n","protected":false},"excerpt":{"rendered":"<p>Wiener Reitervereinigung St. Georg ZVR-Zahl: 768178307 Alle m\u00e4nnlichen Funktionsbezeichnungen sind im Sinne der Gleichbehandlung auch weiblich und unter Einbeziehung jedes anderen Geschlechts zu verstehen. \u00a7 1 &#8211; Name und Sitz des Vereines Der Verein f\u00fchrt den Namen \u201eWiener Reitervereinigung St. Georg\u201c und hat seinen Sitz in Wien. Er ist ein gemeinn\u00fctziger, unpolitischer, nicht auf den [&hellip;]<\/p>\n","protected":false},"author":1,"featured_media":0,"parent":0,"menu_order":0,"comment_status":"closed","ping_status":"closed","template":"","meta":{"footnotes":""},"class_list":["post-74","page","type-page","status-publish","hentry"],"_links":{"self":[{"href":"https:\/\/st-georg-wien.at\/index.php\/wp-json\/wp\/v2\/pages\/74","targetHints":{"allow":["GET"]}}],"collection":[{"href":"https:\/\/st-georg-wien.at\/index.php\/wp-json\/wp\/v2\/pages"}],"about":[{"href":"https:\/\/st-georg-wien.at\/index.php\/wp-json\/wp\/v2\/types\/page"}],"author":[{"embeddable":true,"href":"https:\/\/st-georg-wien.at\/index.php\/wp-json\/wp\/v2\/users\/1"}],"replies":[{"embeddable":true,"href":"https:\/\/st-georg-wien.at\/index.php\/wp-json\/wp\/v2\/comments?post=74"}],"version-history":[{"count":23,"href":"https:\/\/st-georg-wien.at\/index.php\/wp-json\/wp\/v2\/pages\/74\/revisions"}],"predecessor-version":[{"id":876,"href":"https:\/\/st-georg-wien.at\/index.php\/wp-json\/wp\/v2\/pages\/74\/revisions\/876"}],"wp:attachment":[{"href":"https:\/\/st-georg-wien.at\/index.php\/wp-json\/wp\/v2\/media?parent=74"}],"curies":[{"name":"wp","href":"https:\/\/api.w.org\/{rel}","templated":true}]}}