{"id":72,"date":"2025-04-20T14:04:42","date_gmt":"2025-04-20T14:04:42","guid":{"rendered":"https:\/\/st-georg-wien.at\/?page_id=72"},"modified":"2025-05-04T08:03:32","modified_gmt":"2025-05-04T08:03:32","slug":"impressum","status":"publish","type":"page","link":"https:\/\/st-georg-wien.at\/index.php\/impressum\/","title":{"rendered":"Impressum"},"content":{"rendered":"\n<div style=\"height:20px\" aria-hidden=\"true\" class=\"wp-block-spacer\"><\/div>\n\n\n\n<p>Wiener Reitervereinigung St. Georg<\/p>\n\n\n\n<p>Vereinssitz: Wien<br>ZVR-Zahl: 768178307<\/p>\n\n\n\n<p>p.a. DI Gerhard L\u00f6w<br>Wei\u00dfenbach 18<br>2371 Hinterbr\u00fchl<\/p>\n\n\n\n<div style=\"height:1px\" aria-hidden=\"true\" class=\"wp-block-spacer\"><\/div>\n\n\n\n<p class=\"has-medium-font-size\"><span style=\"text-decoration: underline;\">Vorstand<\/span><br>DI Gerhard L\u00f6w<br>Ing. Sabine Hruschka<br>Karin Oberhuber<\/p>\n\n\n\n<div style=\"height:1px\" aria-hidden=\"true\" class=\"wp-block-spacer\"><\/div>\n\n\n\n<p class=\"has-medium-font-size\">Mitglied des <a href=\"https:\/\/www.reitenwien.at\/\" target=\"_blank\" rel=\"noreferrer noopener\">Wiener Pferdesportverbands<\/a><br>Mitglied des <a href=\"https:\/\/www.dielaendlichen.at\/main.asp?kat1=113&amp;kat2=1751&amp;kat3=627\" target=\"_blank\" rel=\"noreferrer noopener\">Wiener L\u00e4ndlichen Pferdesportverbands<\/a><br>Mitglied des <a href=\"https:\/\/www.asvoewien.at\/\" target=\"_blank\" rel=\"noreferrer noopener\">ASV\u00d6 Wien<\/a> &#8211; Allgemeiner Sportverband \u00d6sterreichs,<br>\u00a0\u00a0\u00a0\u00a0\u00a0\u00a0\u00a0\u00a0\u00a0\u00a0\u00a0\u00a0\u00a0\u00a0\u00a0\u00a0\u00a0\u00a0\u00a0\u00a0\u00a0\u00a0\u00a0\u00a0\u00a0\u00a0\u00a0\u00a0\u00a0\u00a0\u00a0\u00a0\u00a0\u00a0\u00a0\u00a0\u00a0\u00a0\u00a0\u00a0\u00a0\u00a0\u00a0\u00a0\u00a0\u00a0\u00a0\u00a0\u00a0\u00a0\u00a0\u00a0\u00a0\u00a0\u00a0\u00a0\u00a0\u00a0\u00a0Landesverband Wien<\/p>\n\n\n\n<div style=\"height:1px\" aria-hidden=\"true\" class=\"wp-block-spacer\"><\/div>\n\n\n\n<div class=\"wp-block-group is-vertical is-layout-flex wp-container-core-group-is-layout-30a70405 wp-block-group-is-layout-flex\">\n<p class=\"has-medium-font-size\" style=\"border-style:none;border-width:0px;line-height:1.5\"><span style=\"text-decoration: underline;\">Aufsichtsbeh\u00f6rde<\/span><br>Bundesministerium f\u00fcr Inneres<br>Landespolizeidirektion Wien<br>Referat Vereins-, Versammlungs- und Medienrechtsangelegenheiten<\/p>\n\n\n\n<p class=\"has-medium-font-size\" style=\"line-height:1.5\">&nbsp;&nbsp;&nbsp;<a href=\"https:\/\/www.polizei.gv.at\/wien\/lpd\/organigramm\/amtsstunden\/amtsstunden.aspx\" target=\"_blank\" rel=\"noreferrer noopener\">Landespolizeidirektion Wien<\/a><\/p>\n<\/div>\n\n\n\n<div style=\"height:1px\" aria-hidden=\"true\" class=\"wp-block-spacer\"><\/div>\n\n\n\n<p class=\"has-medium-font-size\">Herausgeber, Medieninhaber und Verleger: Wiener Reitervereinigung St. Georg<br>Verantwortlich f\u00fcr den Inhalt: DI Gerhard L\u00f6w<\/p>\n\n\n\n<div style=\"height:1px\" aria-hidden=\"true\" class=\"wp-block-spacer\"><\/div>\n\n\n\n<p class=\"has-medium-font-size\"><span style=\"text-decoration: underline;\">Bankverbindung<\/span><br>&nbsp;&nbsp;&nbsp;Wiener Reitervereinigung St. Georg<br>&nbsp;&nbsp;&nbsp;BIC: BAWAATWW<br>&nbsp;&nbsp;&nbsp;IBAN: AT26 6000 0000 0240 0433<\/p>\n","protected":false},"excerpt":{"rendered":"<p>Wiener Reitervereinigung St. Georg Vereinssitz: WienZVR-Zahl: 768178307 p.a. DI Gerhard L\u00f6wWei\u00dfenbach 182371 Hinterbr\u00fchl VorstandDI Gerhard L\u00f6wIng. Sabine HruschkaKarin Oberhuber Mitglied des Wiener PferdesportverbandsMitglied des Wiener L\u00e4ndlichen PferdesportverbandsMitglied des ASV\u00d6 Wien &#8211; Allgemeiner Sportverband \u00d6sterreichs,\u00a0\u00a0\u00a0\u00a0\u00a0\u00a0\u00a0\u00a0\u00a0\u00a0\u00a0\u00a0\u00a0\u00a0\u00a0\u00a0\u00a0\u00a0\u00a0\u00a0\u00a0\u00a0\u00a0\u00a0\u00a0\u00a0\u00a0\u00a0\u00a0\u00a0\u00a0\u00a0\u00a0\u00a0\u00a0\u00a0\u00a0\u00a0\u00a0\u00a0\u00a0\u00a0\u00a0\u00a0\u00a0\u00a0\u00a0\u00a0\u00a0\u00a0\u00a0\u00a0\u00a0\u00a0\u00a0\u00a0\u00a0\u00a0\u00a0Landesverband Wien Aufsichtsbeh\u00f6rdeBundesministerium f\u00fcr InneresLandespolizeidirektion WienReferat Vereins-, Versammlungs- und Medienrechtsangelegenheiten &nbsp;&nbsp;&nbsp;Landespolizeidirektion Wien Herausgeber, Medieninhaber und Verleger: Wiener Reitervereinigung St. GeorgVerantwortlich f\u00fcr den [&hellip;]<\/p>\n","protected":false},"author":1,"featured_media":0,"parent":0,"menu_order":0,"comment_status":"closed","ping_status":"closed","template":"","meta":{"footnotes":""},"class_list":["post-72","page","type-page","status-publish","hentry"],"_links":{"self":[{"href":"https:\/\/st-georg-wien.at\/index.php\/wp-json\/wp\/v2\/pages\/72","targetHints":{"allow":["GET"]}}],"collection":[{"href":"https:\/\/st-georg-wien.at\/index.php\/wp-json\/wp\/v2\/pages"}],"about":[{"href":"https:\/\/st-georg-wien.at\/index.php\/wp-json\/wp\/v2\/types\/page"}],"author":[{"embeddable":true,"href":"https:\/\/st-georg-wien.at\/index.php\/wp-json\/wp\/v2\/users\/1"}],"replies":[{"embeddable":true,"href":"https:\/\/st-georg-wien.at\/index.php\/wp-json\/wp\/v2\/comments?post=72"}],"version-history":[{"count":17,"href":"https:\/\/st-georg-wien.at\/index.php\/wp-json\/wp\/v2\/pages\/72\/revisions"}],"predecessor-version":[{"id":206,"href":"https:\/\/st-georg-wien.at\/index.php\/wp-json\/wp\/v2\/pages\/72\/revisions\/206"}],"wp:attachment":[{"href":"https:\/\/st-georg-wien.at\/index.php\/wp-json\/wp\/v2\/media?parent=72"}],"curies":[{"name":"wp","href":"https:\/\/api.w.org\/{rel}","templated":true}]}}