{"id":43,"date":"2025-04-14T18:29:45","date_gmt":"2025-04-14T18:29:45","guid":{"rendered":"https:\/\/st-georg-wien.at\/?page_id=43"},"modified":"2025-05-04T09:20:08","modified_gmt":"2025-05-04T09:20:08","slug":"ueber-uns","status":"publish","type":"page","link":"https:\/\/st-georg-wien.at\/index.php\/ueber-uns\/","title":{"rendered":"\u00dcber uns"},"content":{"rendered":"\n<div style=\"height:20px\" aria-hidden=\"true\" class=\"wp-block-spacer\"><\/div>\n\n\n\n<p>Die Wiener Reitervereinigung St. Georg  ist sportlich ausgerichtet. Sie bezweckt die F\u00f6rderung des Reitsports, das Zustandebringen reitsportlicher Veranstaltungen und &#8211; es m\u00f6ge nicht zu kurz kommen &#8211; die Pflege der Geselligkeit.<\/p>\n\n\n\n<p>Unser Verein ist seit \u00fcber 60 Jahren eine etablierte Institution im \u00f6sterreichischen Pferdesport. Mehr dazu finden Sie in unserer <a href=\"https:\/\/st-georg-wien.at\/index.php\/geschichte\/\" data-type=\"page\" data-id=\"219\">Geschichte<\/a>.<\/p>\n\n\n\n<p>Der Verein ist an keine Reitanlage gebunden. Die Pferde unserer Mitglieder sind in St\u00e4llen auch au\u00dferhalb Wiens untergebracht. Wir haben rund 100 Mitglieder, die in der Dressur, im Springen, in der Vielseitigkeit und auch im Fahrsport aktiv sind.<\/p>\n\n\n\n<p>Wir bieten unseren Mitgliedern fachkundige Unterst\u00fctzung in allen Belangen rund um das Pferd. Auf Wunsch organisieren wir Trainingskurse und Vortr\u00e4ge.<\/p>\n\n\n\n<p>Die Wiener Reitervereinigung St. Georg, und somit alle ihre Mitglieder, sind<\/p>\n\n\n\n<ul class=\"wp-block-list\">\n<li>Mitglied des <a href=\"https:\/\/www.reitenwien.at\/\" target=\"_blank\" rel=\"noreferrer noopener\">Wiener Pferdesportverbands<\/a>,<\/li>\n\n\n\n<li>Mitglied des <a href=\"https:\/\/www.dielaendlichen.at\/main.asp?kat1=113&amp;kat2=1751&amp;kat3=627\" target=\"_blank\" rel=\"noreferrer noopener\">Wiener L\u00e4ndlichen Pferdesportverbands<\/a> und<\/li>\n\n\n\n<li>Mitglied des <a href=\"https:\/\/www.asvoewien.at\/\" target=\"_blank\" rel=\"noreferrer noopener\">ASV\u00d6 Wien<\/a> \u2013 Allgemeiner Sportverband \u00d6sterreichs, Landesverband Wien.<\/li>\n<\/ul>\n\n\n\n<p>Unsere Mitglieder k\u00f6nnen daher auch an l\u00e4ndlichen Meisterschaften und ASV\u00d6-Trophys teilnehmen.<\/p>\n\n\n\n<p>Die Wiener Reitervereinigung St. Georg hat keine eigene Reitanlage, keine eigenen Schulpferde und verf\u00fcgt \u00fcber keinen Schulbetrieb. Wir sind ein gemeinn\u00fctziger, unpolitischer, nicht auf den Gewinn berechneter Verein.<\/p>\n","protected":false},"excerpt":{"rendered":"<p>Die Wiener Reitervereinigung St. Georg ist sportlich ausgerichtet. Sie bezweckt die F\u00f6rderung des Reitsports, das Zustandebringen reitsportlicher Veranstaltungen und &#8211; es m\u00f6ge nicht zu kurz kommen &#8211; die Pflege der Geselligkeit. Unser Verein ist seit \u00fcber 60 Jahren eine etablierte Institution im \u00f6sterreichischen Pferdesport. Mehr dazu finden Sie in unserer Geschichte. Der Verein ist an [&hellip;]<\/p>\n","protected":false},"author":1,"featured_media":0,"parent":0,"menu_order":0,"comment_status":"closed","ping_status":"closed","template":"","meta":{"footnotes":""},"class_list":["post-43","page","type-page","status-publish","hentry"],"_links":{"self":[{"href":"https:\/\/st-georg-wien.at\/index.php\/wp-json\/wp\/v2\/pages\/43","targetHints":{"allow":["GET"]}}],"collection":[{"href":"https:\/\/st-georg-wien.at\/index.php\/wp-json\/wp\/v2\/pages"}],"about":[{"href":"https:\/\/st-georg-wien.at\/index.php\/wp-json\/wp\/v2\/types\/page"}],"author":[{"embeddable":true,"href":"https:\/\/st-georg-wien.at\/index.php\/wp-json\/wp\/v2\/users\/1"}],"replies":[{"embeddable":true,"href":"https:\/\/st-georg-wien.at\/index.php\/wp-json\/wp\/v2\/comments?post=43"}],"version-history":[{"count":10,"href":"https:\/\/st-georg-wien.at\/index.php\/wp-json\/wp\/v2\/pages\/43\/revisions"}],"predecessor-version":[{"id":221,"href":"https:\/\/st-georg-wien.at\/index.php\/wp-json\/wp\/v2\/pages\/43\/revisions\/221"}],"wp:attachment":[{"href":"https:\/\/st-georg-wien.at\/index.php\/wp-json\/wp\/v2\/media?parent=43"}],"curies":[{"name":"wp","href":"https:\/\/api.w.org\/{rel}","templated":true}]}}