{"id":40,"date":"2025-04-14T18:29:26","date_gmt":"2025-04-14T18:29:26","guid":{"rendered":"https:\/\/st-georg-wien.at\/?page_id=40"},"modified":"2026-01-29T08:28:01","modified_gmt":"2026-01-29T08:28:01","slug":"beitreten","status":"publish","type":"page","link":"https:\/\/st-georg-wien.at\/index.php\/beitreten\/","title":{"rendered":"Beitreten"},"content":{"rendered":"\n<div style=\"height:20px\" aria-hidden=\"true\" class=\"wp-block-spacer\"><\/div>\n\n\n\n<p>F\u00fcr Kurzentschlossene unsere Beitrittserkl\u00e4rung:<\/p>\n\n\n\n<p class=\"has-text-align-left\" style=\"font-style:normal;font-weight:700\">&nbsp;&nbsp;&nbsp;<a href=\"https:\/\/st-georg-wien.at\/wp-content\/uploads\/2025\/04\/Beitrittserklaerung.pdf\" target=\"_blank\" rel=\"noreferrer noopener\">Beitrittserkl\u00e4rung<\/a><\/p>\n\n\n\n<p>F\u00fcllen Sie die Beitrittserkl\u00e4rung aus, unterfertigen Sie das Dokument und senden Sie es per Mail an <a href=\"mailto:gerhard.loew@gmx.at\">gerhard.loew@gmx.at<\/a>.<\/p>\n\n\n\n<div style=\"height:var(--wp--preset--spacing--20)\" aria-hidden=\"true\" class=\"wp-block-spacer\"><\/div>\n\n\n\n<hr class=\"wp-block-separator has-alpha-channel-opacity\"\/>\n\n\n\n<div style=\"height:var(--wp--preset--spacing--20)\" aria-hidden=\"true\" class=\"wp-block-spacer\"><\/div>\n\n\n\n<p>Die Wiener Reitervereinigung St. Georg ist an keine Reitanlage gebunden. Wir hei\u00dfen jedes neue Mitglied herzlich willkommen, unabh\u00e4ngig davon, in welcher Sparte des Pferdesports es seinen Schwerpunkt hat.<\/p>\n\n\n\n<p>Sie k\u00f6nnen unserem Verein auch beitreten, wenn Ihr Pferd in einem Stall au\u00dferhalb Wiens untergebracht ist. Wenngleich die Mehrheit unserer Mitglieder im Gro\u00dfraum Wien angesiedelt ist, haben wir Mitglieder, die \u00fcber die Jahre hinweg ihren Lebensmittelpunkt in s\u00fcdliche und westliche Bundesl\u00e4nder, teilweise auch nach Deutschland gelegt haben und die uns dennoch treu geblieben sind.<\/p>\n\n\n\n<p>Wir bieten unseren Mitgliedern fachkundige Unterst\u00fctzung in allen Belangen rund um das Pferd. Auf Wunsch organisieren wir Trainingskurse und Vortr\u00e4ge.<\/p>\n\n\n\n<p>Die Wiener Reitervereinigung St. Georg, und somit alle ihre Mitglieder, sind<\/p>\n\n\n\n<ul class=\"wp-block-list\">\n<li>Mitglied des <a href=\"https:\/\/www.reitenwien.at\/\" target=\"_blank\" rel=\"noreferrer noopener\">Wiener Pferdesportverbands<\/a>,<\/li>\n\n\n\n<li>Mitglied des <a href=\"https:\/\/www.dielaendlichen.at\/main.asp?kat1=113&amp;kat2=1751&amp;kat3=627\" target=\"_blank\" rel=\"noreferrer noopener\">Wiener L\u00e4ndlichen Pferdesportverbands <\/a>und<\/li>\n\n\n\n<li>Mitglied des <a href=\"https:\/\/www.asvoewien.at\/\" target=\"_blank\" rel=\"noreferrer noopener\">ASV\u00d6 Wien <\/a>\u2013 Allgemeiner Sportverband \u00d6sterreichs, Landesverband Wien.<\/li>\n<\/ul>\n\n\n\n<p>Unsere Mitglieder k\u00f6nnen daher auch an l\u00e4ndlichen Meisterschaften und ASV\u00d6-Trophys teilnehmen.<\/p>\n\n\n\n<p>F\u00fcr unsere Stammmitglieder, die an einer \u00d6sterreichischen Meisterschaft, an einer Wiener Meisterschaft oder an einer ASV\u00d6-Trophy teilnehmen, \u00fcbernimmt der Verein bei Vorlage der entsprechenden Belege die Kosten der Start- und Nenngelder.<\/p>\n\n\n\n<p>Die Wiener Reitervereinigung St. Georg hat keine eigene Reitanlage, keine eigenen Schulpferde und verf\u00fcgt \u00fcber keinen Schulbetrieb.<\/p>\n\n\n\n<div style=\"height:10px\" aria-hidden=\"true\" class=\"wp-block-spacer\"><\/div>\n\n\n\n<p>Wir verrechnen keine Einschreibegeb\u00fchr.<\/p>\n\n\n\n<p>Unsere j\u00e4hrlicher Mitgliedsbeitrag bel\u00e4uft sich derzeit<\/p>\n\n\n\n<ul class=\"wp-block-list\">\n<li>f\u00fcr Stammmitglieder und ordentliche Mitglieder auf EUR 70,&#8211;<\/li>\n\n\n\n<li>f\u00fcr Anschlussmitglieder auf EUR 60,&#8211;<\/li>\n\n\n\n<li>f\u00fcr Sch\u00fcler und Studenten auf EUR 50,&#8211;<\/li>\n<\/ul>\n\n\n\n<p>Jugendliche gelten bis zum 18. Geburtstag als Sch\u00fcler und Studenten. Dar\u00fcber hinaus gelten in Berufsausbildung befindliche Personen bis zum 24. Geburtstag als Sch\u00fcler und Studenten. \u00dcber die Berufsausbildung ist ein j\u00e4hrlicher Nachweis zu erbringen (zB in Form einer Studienbest\u00e4tigung).<\/p>\n\n\n\n<div style=\"height:10px\" aria-hidden=\"true\" class=\"wp-block-spacer\"><\/div>\n\n\n\n<p>Wenn Sie unserem Verein beitreten m\u00f6chten, laden Sie bitte die nachfolgende Beitrittserkl\u00e4rung herunter, f\u00fcllen Sie die Erkl\u00e4rung ordnungsgem\u00e4\u00df aus, unterfertigen Sie die Erkl\u00e4rung und senden Sie das Dokument entweder eingescannt per Mail an <a href=\"mailto:gerhard.loew@gmx.at\">gerhard.loew@gmx.at<\/a> oder per Brief an<\/p>\n\n\n\n<p>&nbsp;&nbsp;&nbsp;Wiener Reitervereinigung St. Georg<br> &nbsp;&nbsp;&nbsp;p.a. DI Gerhard L\u00f6w<br> &nbsp;&nbsp;&nbsp;Wei\u00dfenbach 18<br> &nbsp;&nbsp;&nbsp;2371 Hinterbr\u00fchl<\/p>\n\n\n\n<p>Alles Weitere veranlassen dann wir.<\/p>\n\n\n\n<p class=\"has-text-align-left\" style=\"font-style:normal;font-weight:700\">&nbsp;&nbsp;&nbsp;<a href=\"https:\/\/st-georg-wien.at\/wp-content\/uploads\/2025\/04\/Beitrittserklaerung.pdf\" target=\"_blank\" rel=\"noreferrer noopener\">Beitrittserkl\u00e4rung<\/a><\/p>\n\n\n\n<div style=\"height:10px\" aria-hidden=\"true\" class=\"wp-block-spacer\"><\/div>\n\n\n\n<p>Nach Erhalt Ihrer Beitrittserkl\u00e4rung teilen wir Ihnen Ihre Mitgliedsnummer mit und ersuchen Sie, Ihren Mitgliedsbeitrag umgehend zu \u00fcberweisen.<\/p>\n\n\n\n<p>Unsere Bankverbindung lautet:<br>&nbsp;&nbsp;&nbsp;Wiener Reitervereinigung St. Georg<br>&nbsp;&nbsp;&nbsp;BIC: BAWAATWW<br>&nbsp;&nbsp;&nbsp;IBAN: AT26 6000 0000 0240 0433<\/p>\n\n\n\n<div style=\"height:10px\" aria-hidden=\"true\" class=\"wp-block-spacer\"><\/div>\n\n\n\n<p>Ihre digitale Mitgliedskarte k\u00f6nnen Sie \u00fcber das Online-Portal des OEPS beziehen und in eine Wallet-App am Handy laden. Eine Anleitung dazu finden Sie auf der Website des OEPS bzw mit folgendem Link:<\/p>\n\n\n\n<p class=\"has-medium-font-size\">&nbsp;&nbsp;&nbsp;&nbsp;<a href=\"https:\/\/portal.oeps.at\/HOW_TO_digitaler_Ausweis_mit_Information.pdf\" target=\"_blank\" rel=\"noreferrer noopener\">https:\/\/portal.oeps.at\/HOW_TO_digitaler_Ausweis_mit_Information.pdf<\/a><\/p>\n\n\n\n<div style=\"height:10px\" aria-hidden=\"true\" class=\"wp-block-spacer\"><\/div>\n\n\n\n<p>F\u00fcr R\u00fcckfragen steht Ihnen DI L\u00f6w unter 0664 \/ 82 60 119 gerne zur Verf\u00fcgung.<\/p>\n","protected":false},"excerpt":{"rendered":"<p>F\u00fcr Kurzentschlossene unsere Beitrittserkl\u00e4rung: &nbsp;&nbsp;&nbsp;Beitrittserkl\u00e4rung F\u00fcllen Sie die Beitrittserkl\u00e4rung aus, unterfertigen Sie das Dokument und senden Sie es per Mail an gerhard.loew@gmx.at. Die Wiener Reitervereinigung St. Georg ist an keine Reitanlage gebunden. Wir hei\u00dfen jedes neue Mitglied herzlich willkommen, unabh\u00e4ngig davon, in welcher Sparte des Pferdesports es seinen Schwerpunkt hat. Sie k\u00f6nnen unserem Verein auch [&hellip;]<\/p>\n","protected":false},"author":1,"featured_media":0,"parent":0,"menu_order":0,"comment_status":"closed","ping_status":"closed","template":"","meta":{"footnotes":""},"class_list":["post-40","page","type-page","status-publish","hentry"],"_links":{"self":[{"href":"https:\/\/st-georg-wien.at\/index.php\/wp-json\/wp\/v2\/pages\/40","targetHints":{"allow":["GET"]}}],"collection":[{"href":"https:\/\/st-georg-wien.at\/index.php\/wp-json\/wp\/v2\/pages"}],"about":[{"href":"https:\/\/st-georg-wien.at\/index.php\/wp-json\/wp\/v2\/types\/page"}],"author":[{"embeddable":true,"href":"https:\/\/st-georg-wien.at\/index.php\/wp-json\/wp\/v2\/users\/1"}],"replies":[{"embeddable":true,"href":"https:\/\/st-georg-wien.at\/index.php\/wp-json\/wp\/v2\/comments?post=40"}],"version-history":[{"count":28,"href":"https:\/\/st-georg-wien.at\/index.php\/wp-json\/wp\/v2\/pages\/40\/revisions"}],"predecessor-version":[{"id":807,"href":"https:\/\/st-georg-wien.at\/index.php\/wp-json\/wp\/v2\/pages\/40\/revisions\/807"}],"wp:attachment":[{"href":"https:\/\/st-georg-wien.at\/index.php\/wp-json\/wp\/v2\/media?parent=40"}],"curies":[{"name":"wp","href":"https:\/\/api.w.org\/{rel}","templated":true}]}}