{"id":10,"date":"2025-04-14T16:46:16","date_gmt":"2025-04-14T16:46:16","guid":{"rendered":"https:\/\/st-georg-wien.at\/?page_id=10"},"modified":"2025-07-29T08:05:20","modified_gmt":"2025-07-29T08:05:20","slug":"kontakt","status":"publish","type":"page","link":"https:\/\/st-georg-wien.at\/index.php\/kontakt\/","title":{"rendered":"Kontakt"},"content":{"rendered":"\n<div style=\"height:20px\" aria-hidden=\"true\" class=\"wp-block-spacer\"><\/div>\n\n\n\n<p>Wiener Reitervereinigung St. Georg<\/p>\n\n\n\n<p>p.a. DI Gerhard L\u00f6w<br>Wei\u00dfenbach 18<br>2371 Hinterbr\u00fchl<\/p>\n\n\n\n<p>+43 664 82 60 119<\/p>\n\n\n\n<p><a href=\"mailto:gerhard.loew@gmx.at\">gerhard.loew@gmx.at<\/a><\/p>\n","protected":false},"excerpt":{"rendered":"<p>Wiener Reitervereinigung St. Georg p.a. DI Gerhard L\u00f6wWei\u00dfenbach 182371 Hinterbr\u00fchl +43 664 82 60 119 gerhard.loew@gmx.at<\/p>\n","protected":false},"author":1,"featured_media":0,"parent":0,"menu_order":0,"comment_status":"closed","ping_status":"closed","template":"","meta":{"footnotes":""},"class_list":["post-10","page","type-page","status-publish","hentry"],"_links":{"self":[{"href":"https:\/\/st-georg-wien.at\/index.php\/wp-json\/wp\/v2\/pages\/10","targetHints":{"allow":["GET"]}}],"collection":[{"href":"https:\/\/st-georg-wien.at\/index.php\/wp-json\/wp\/v2\/pages"}],"about":[{"href":"https:\/\/st-georg-wien.at\/index.php\/wp-json\/wp\/v2\/types\/page"}],"author":[{"embeddable":true,"href":"https:\/\/st-georg-wien.at\/index.php\/wp-json\/wp\/v2\/users\/1"}],"replies":[{"embeddable":true,"href":"https:\/\/st-georg-wien.at\/index.php\/wp-json\/wp\/v2\/comments?post=10"}],"version-history":[{"count":11,"href":"https:\/\/st-georg-wien.at\/index.php\/wp-json\/wp\/v2\/pages\/10\/revisions"}],"predecessor-version":[{"id":632,"href":"https:\/\/st-georg-wien.at\/index.php\/wp-json\/wp\/v2\/pages\/10\/revisions\/632"}],"wp:attachment":[{"href":"https:\/\/st-georg-wien.at\/index.php\/wp-json\/wp\/v2\/media?parent=10"}],"curies":[{"name":"wp","href":"https:\/\/api.w.org\/{rel}","templated":true}]}}